{"id":1156,"date":"2018-08-29T16:18:44","date_gmt":"2018-08-29T19:18:44","guid":{"rendered":"https:\/\/isfdyt28-bue.infd.edu.ar\/sitio\/matriculacion\/"},"modified":"2026-03-18T12:28:19","modified_gmt":"2026-03-18T15:28:19","slug":"matriculacion","status":"publish","type":"page","link":"https:\/\/isfdyt28-bue.infd.edu.ar\/sitio\/matriculacion\/","title":{"rendered":"INSCRIPCI\u00d3N A UNIDADES CURRICULARES"},"content":{"rendered":"<h1 style=\"text-align: justify;\"><span style=\"font-size: 10pt;\">Desde el d\u00eda\u00a0 18 de Marzo al 27 de Marzo de 2026 estar\u00e1 habilitada la entrega de la planilla de Inscripci\u00f3n a U.C.\u00a0 en\u00a0 preceptor\u00eda<\/span><\/h1>\n<p>Ten\u00e9s que colocar\u00a0 las materias que pens\u00e1s cursar y\u00a0 si lo\u00a0 realizar\u00e1s en forma regular, libre o como itinerante. Fijate de estar en condiciones para cursar las U.C. seleccionadas, seg\u00fan las correlatividades del dise\u00f1o de tu carrera.<\/p>\n<p>En <strong>A\u00d1O DE INGRESO:<\/strong>\u00a0coloc\u00e1s el a\u00f1o en que ingresaste.<\/p>\n<p>En <strong>A\u00d1O:<\/strong> 1\u00ba, 2\u00ba, 3\u00ba o 4\u00ba , seg\u00fan corresponda cada materia.<\/p>\n<p>En <strong>CURSADA: <\/strong>2026<\/p>\n<p>En <strong>ASIGNATURA:<\/strong> el nombre de c\/u de las materias.<\/p>\n<p>Esta inscripci\u00f3n a materias permite que realices la cursada.<\/p>\n<p><a href=\"https:\/\/isfdyt28-bue.infd.edu.ar\/sitio\/wp-content\/uploads\/2026\/03\/Inscripcion-a-U-C2026.doc\">FICHA DE INSCRIPCION<\/a><\/p>\n<h2 style=\"text-align: left;\"><\/h2>\n<p style=\"text-align: justify;\"><span style=\"font-size: 10pt;\">\u00a0<\/span><\/p>\n","protected":false},"excerpt":{"rendered":"<p>Desde el d\u00eda\u00a0 18 de Marzo al 27 de Marzo de 2026 estar\u00e1 habilitada la entrega de la planilla de Inscripci\u00f3n a U.C.\u00a0 en\u00a0 preceptor\u00eda Ten\u00e9s que colocar\u00a0 las materias que pens\u00e1s cursar y\u00a0 si lo\u00a0 realizar\u00e1s en forma regular, libre o como itinerante. Fijate de estar en condiciones para cursar las U.C. seleccionadas, seg\u00fan &#8230; <a title=\"INSCRIPCI\u00d3N A UNIDADES CURRICULARES\" class=\"read-more\" href=\"https:\/\/isfdyt28-bue.infd.edu.ar\/sitio\/matriculacion\/\" aria-label=\"More on INSCRIPCI\u00d3N A UNIDADES CURRICULARES\">[+]<\/a><\/p>\n","protected":false},"author":735,"featured_media":0,"parent":0,"menu_order":0,"comment_status":"closed","ping_status":"closed","template":"","meta":[],"acf":[],"_links":{"self":[{"href":"https:\/\/isfdyt28-bue.infd.edu.ar\/sitio\/wp-json\/wp\/v2\/pages\/1156"}],"collection":[{"href":"https:\/\/isfdyt28-bue.infd.edu.ar\/sitio\/wp-json\/wp\/v2\/pages"}],"about":[{"href":"https:\/\/isfdyt28-bue.infd.edu.ar\/sitio\/wp-json\/wp\/v2\/types\/page"}],"author":[{"embeddable":true,"href":"https:\/\/isfdyt28-bue.infd.edu.ar\/sitio\/wp-json\/wp\/v2\/users\/735"}],"replies":[{"embeddable":true,"href":"https:\/\/isfdyt28-bue.infd.edu.ar\/sitio\/wp-json\/wp\/v2\/comments?post=1156"}],"version-history":[{"count":5,"href":"https:\/\/isfdyt28-bue.infd.edu.ar\/sitio\/wp-json\/wp\/v2\/pages\/1156\/revisions"}],"predecessor-version":[{"id":2586,"href":"https:\/\/isfdyt28-bue.infd.edu.ar\/sitio\/wp-json\/wp\/v2\/pages\/1156\/revisions\/2586"}],"wp:attachment":[{"href":"https:\/\/isfdyt28-bue.infd.edu.ar\/sitio\/wp-json\/wp\/v2\/media?parent=1156"}],"curies":[{"name":"wp","href":"https:\/\/api.w.org\/{rel}","templated":true}]}}