{"id":1154,"date":"2018-08-29T16:18:43","date_gmt":"2018-08-29T19:18:43","guid":{"rendered":"https:\/\/isfdyt28-bue.infd.edu.ar\/sitio\/pedido-de-equivalencias\/"},"modified":"2025-04-28T18:35:48","modified_gmt":"2025-04-28T21:35:48","slug":"pedido-de-equivalencias","status":"publish","type":"page","link":"https:\/\/isfdyt28-bue.infd.edu.ar\/sitio\/pedido-de-equivalencias\/","title":{"rendered":"Pedido de Equivalencias"},"content":{"rendered":"<p>Seg\u00edn RES 4043\/09 &#8211; R\u00e9gimen Acad\u00e9mico<\/p>\n<p><strong>De las equivalencias<\/strong><\/p>\n<p>Se podr\u00e1n acreditar Unidades Curriculares mediante el r\u00e9gimen de equivalencia. Las equivalencias podr\u00e1n comprender la Unidad\u00a0 Curricular completa o una parte de la misma (equivalencia parcial). En este caso, de ser necesario, se implementar\u00e1 un trayecto de actualizaci\u00f3n de saberes<\/p>\n<p>Se trata de saberes acreditados en la misma instituci\u00f3n (en planes anteriores al vigente o de otras carreras) o en otras instituciones del mismo nivel.<\/p>\n<ol>\n<li><strong> De las condiciones para solicitar equivalencias<\/strong><\/li>\n<\/ol>\n<p>Para solicitar la acreditaci\u00f3n por equivalencia, el estudiante deber\u00e1:<\/p>\n<ul>\n<li>Solicitar mediante nota firmada ( Planilla Resumen, A14), en la Secretar\u00eda del Instituto, antes de 30 de Abril de 2025 ,el reconocimiento\u00a0 de equivalencias de Unidades Curriculares aprobados en la misma instituci\u00f3n o en otra instituci\u00f3n educativa de estudios superiores reconocida oficialmente.<\/li>\n<li>Acompa\u00f1ar la solicitud con el certificado anal\u00edtico de estudios realizados y\u00a0 el\/los programa\/s que corresponda\/n, en el\/los que conste carga horaria, contenidos y bibliograf\u00eda, del\/las unidades curricular\/es en el\/las que solicita equivalencia.\u00a0 La documentaci\u00f3n deber\u00e1 estar debidamente certificada.<\/li>\n<li>Cursar la Unidad Curricular cuya aprobaci\u00f3n solicita por equivalencia, hasta tanto se le confirme fehacientemente que se le otorg\u00f3 lo solicitado.<\/li>\n<\/ul>\n<p><strong>Tr\u00e1mite para pedir equivalencias<\/strong><\/p>\n<p>Para pedir equivalencias debes presentar el formulario A14 junto al anal\u00edtico correspondiente que acredite la aprobaci\u00f3n de las materias por las cuales pedir\u00e1s equivalencia<\/p>\n<p>Adem\u00e1s debes presentar el formulario A14a uno por cada materia que pidas junto al programa de estudios cursados autentificados por la instituci\u00f3n donde has cursado y aprobado la materia.<\/p>\n<p><a href=\"https:\/\/isfdyt28-bue.infd.edu.ar\/sitio\/wp-content\/uploads\/2025\/04\/A14.doc\"><strong>A14.doc<\/strong><strong> &#8211;<\/strong> <\/a><a class=\"LinkModi\" href=\"https:\/\/isfdyt28-bue.infd.edu.ar\/aula\/archivos\/repositorio\/\/0\/140\/A14.doc\" target=\"_NEW\" rel=\"noopener\"><strong><span style=\"color: #888888;\">Planilla resumen<\/span><\/strong><\/a><\/p>\n<p><a href=\"https:\/\/docs.google.com\/document\/d\/1XS-6bwSd2dPIn7HhxIC2liZyF8BM0j1q\/edit?usp=sharing&amp;ouid=101398501268570831380&amp;rtpof=true&amp;sd=true\"><strong>A14a.doc<\/strong><\/a><a class=\"LinkModi\" href=\"https:\/\/isfdyt28-bue.infd.edu.ar\/aula\/archivos\/repositorio\/\/0\/139\/A14a.doc\" target=\"_NEW\" rel=\"noopener\"><strong> &#8211;<span style=\"color: #888888;\"> Planilla por asignatura<\/span><\/strong><\/a><\/p>\n","protected":false},"excerpt":{"rendered":"<p>Seg\u00edn RES 4043\/09 &#8211; R\u00e9gimen Acad\u00e9mico De las equivalencias Se podr\u00e1n acreditar Unidades Curriculares mediante el r\u00e9gimen de equivalencia. Las equivalencias podr\u00e1n comprender la Unidad\u00a0 Curricular completa o una parte de la misma (equivalencia parcial). En este caso, de ser necesario, se implementar\u00e1 un trayecto de actualizaci\u00f3n de saberes Se trata de saberes acreditados en &#8230; <a title=\"Pedido de Equivalencias\" class=\"read-more\" href=\"https:\/\/isfdyt28-bue.infd.edu.ar\/sitio\/pedido-de-equivalencias\/\" aria-label=\"More on Pedido de Equivalencias\">[+]<\/a><\/p>\n","protected":false},"author":735,"featured_media":0,"parent":0,"menu_order":0,"comment_status":"closed","ping_status":"closed","template":"","meta":[],"acf":[],"_links":{"self":[{"href":"https:\/\/isfdyt28-bue.infd.edu.ar\/sitio\/wp-json\/wp\/v2\/pages\/1154"}],"collection":[{"href":"https:\/\/isfdyt28-bue.infd.edu.ar\/sitio\/wp-json\/wp\/v2\/pages"}],"about":[{"href":"https:\/\/isfdyt28-bue.infd.edu.ar\/sitio\/wp-json\/wp\/v2\/types\/page"}],"author":[{"embeddable":true,"href":"https:\/\/isfdyt28-bue.infd.edu.ar\/sitio\/wp-json\/wp\/v2\/users\/735"}],"replies":[{"embeddable":true,"href":"https:\/\/isfdyt28-bue.infd.edu.ar\/sitio\/wp-json\/wp\/v2\/comments?post=1154"}],"version-history":[{"count":7,"href":"https:\/\/isfdyt28-bue.infd.edu.ar\/sitio\/wp-json\/wp\/v2\/pages\/1154\/revisions"}],"predecessor-version":[{"id":2413,"href":"https:\/\/isfdyt28-bue.infd.edu.ar\/sitio\/wp-json\/wp\/v2\/pages\/1154\/revisions\/2413"}],"wp:attachment":[{"href":"https:\/\/isfdyt28-bue.infd.edu.ar\/sitio\/wp-json\/wp\/v2\/media?parent=1154"}],"curies":[{"name":"wp","href":"https:\/\/api.w.org\/{rel}","templated":true}]}}