{"id":1150,"date":"2018-08-29T16:18:41","date_gmt":"2018-08-29T19:18:41","guid":{"rendered":"https:\/\/isfdyt28-bue.infd.edu.ar\/sitio\/fechas-de-examenes\/"},"modified":"2025-12-23T20:32:47","modified_gmt":"2025-12-23T23:32:47","slug":"fechas-de-examenes","status":"publish","type":"page","link":"https:\/\/isfdyt28-bue.infd.edu.ar\/sitio\/fechas-de-examenes\/","title":{"rendered":"Fechas de Ex\u00e1menes"},"content":{"rendered":"<h2 style=\"text-align: justify;\"><span style=\"font-size: 12pt;\">Si la mesa en la que deseas presentarte no se ha conformado comun\u00edcate con el equipo directivo al mail <a href=\"mailto:isfdyt28veinticincodemayo@abc.gob.ar\">isfdyt28veinticincodemayo@abc.gob.ar<\/a><br \/><\/span><\/h2>\n<hr \/>\n<p><strong>Nota: <\/strong>Se informa que la inscripci\u00f3n se realizar\u00e1 del 11-02 al 17-02-2026 a trav\u00e9s del siguiente v\u00ednculo<strong><a href=\"https:\/\/forms.gle\/s32i6T3ouXcteAYk9\"> formulario de inscripci\u00f3n<\/a><br \/><\/strong><\/p>\n<h3 style=\"text-align: center;\">No <strong>Inscribirse <\/strong>en materias promocionadas<\/h3>\n<p><span style=\"color: #339966;\"><strong><em>TENER EN CUENTA QUE NING\u00daN ESTUDIANTE PODR\u00c1 INSCRIBIRSE EN UN ESPACIO CURRICULAR SI NO TIENE RENDIDO EL INMEDIATO CORRELATIVO ANTERIOR<\/em><\/strong><\/span><\/p>\n<p>Para inscribirte necesitar\u00e1s el c\u00f3digo de alumno que figura en tu libreta\u00a0 y los c\u00f3digos de las mesas de ex\u00e1menes a las cuales deseas inscribirte.<\/p>\n<p>Recuerda cada mesa tiene un c\u00f3digo que la representa y este es \u00fanico.<\/p>\n<p>Si a\u00fan no posees c\u00f3digo de alumno consulta a tu preceptor.<\/p>\n<ul>\n<li><a href=\"https:\/\/isfdyt28-bue.infd.edu.ar\/sitio\/wp-content\/uploads\/2025\/12\/Profesorado-para-la-Educacion-Secundaria-en-Biologia13259-99.pdf\">Mesas &#8211; Profesorado\u00a0 para la\u00a0 Educaci\u00f3n Secundaria en Biolog\u00eda ( (Res <span dir=\"ltr\" role=\"presentation\">13259\/99<\/span> &#8211; 31\/03\u00a0 &#8211; 2789\/09)<\/a><\/li>\n<li><a href=\"https:\/\/isfdyt28-bue.infd.edu.ar\/sitio\/wp-content\/uploads\/2025\/12\/Prof-Educ-Sec-en-Biologia-con-Trayecto-en-Ciencias-Naturales.pdf\">Mesas &#8211; Profesorado\u00a0 para la\u00a0 Educaci\u00f3n Secundaria en Biolog\u00eda\u00a0(Plan Nuevo)<\/a><\/li>\n<li><a href=\"https:\/\/isfdyt28-bue.infd.edu.ar\/sitio\/wp-content\/uploads\/2025\/12\/Profesorado-para-la-Educacion-Secundaria-en-Fisica.pdf\">Mesas &#8211; Profesorado\u00a0 para la\u00a0 Educaci\u00f3n Secundaria en F\u00edsica (Plan nuevo)<\/a><\/li>\n<li>Mesas &#8211; Profesorado\u00a0 para la\u00a0 Educaci\u00f3n Secundaria en Geograf\u00eda (Res <span dir=\"ltr\" role=\"presentation\">13259\/99 &#8211; 25\/03 &#8211; 4663\/03<\/span>)<\/li>\n<li><a href=\"https:\/\/isfdyt28-bue.infd.edu.ar\/sitio\/wp-content\/uploads\/2025\/12\/Profesorado-para-la-Educacion-Secundaria-en-Geografia.pdf\">Mesas &#8211; Profesorado\u00a0 para la\u00a0 Educaci\u00f3n Secundaria en Geograf\u00eda (Plan nuevo)<\/a><\/li>\n<li><a href=\"https:\/\/isfdyt28-bue.infd.edu.ar\/sitio\/wp-content\/uploads\/2025\/12\/Profesorado-para-la-Educacion-Secundaria-en-Historia-RES-13259-99.pdf\">Mesas &#8211; Profesorado\u00a0 para la\u00a0 Educaci\u00f3n Secundaria en Historia (Res <span dir=\"ltr\" role=\"presentation\">13259\/99 &#8211; 25\/03 &#8211; 4663\/03<\/span>)<\/a><\/li>\n<li><a href=\"https:\/\/isfdyt28-bue.infd.edu.ar\/sitio\/wp-content\/uploads\/2025\/12\/Profesorado-para-la-Educacion-Secundaria-en-Historia.pdf\">Mesas &#8211; Profesorado\u00a0 para la\u00a0 Educaci\u00f3n Secundaria en Historia (Plan nuevo)<\/a><\/li>\n<li><a href=\"https:\/\/isfdyt28-bue.infd.edu.ar\/sitio\/wp-content\/uploads\/2025\/12\/Profesor-de-Ingles.pdf\">Mesas &#8211; Profesorado\u00a0 para la\u00a0 Educaci\u00f3n Secundaria en Ingles (Res 1860-17)<\/a><\/li>\n<li><a href=\"https:\/\/isfdyt28-bue.infd.edu.ar\/sitio\/wp-content\/uploads\/2025\/12\/Profesorado-para-la-Educacion-Secundaria-en-Lengua-y-Literatura.pdf\">Mesas &#8211; Profesorado\u00a0 para la\u00a0 Educaci\u00f3n Secundaria en Lengua y Literatura (Res 1862\/17)<\/a><\/li>\n<li><a href=\"https:\/\/isfdyt28-bue.infd.edu.ar\/sitio\/wp-content\/uploads\/2025\/12\/Profesorado-para-la-Educacion-Secundaria-en-Matematica-RES-1861-17.pdf\">Mesas &#8211; Profesorado\u00a0 para la\u00a0 Educaci\u00f3n Secundaria en Matem\u00e1tica (Res 1861\/17)<\/a><\/li>\n<li><a href=\"https:\/\/isfdyt28-bue.infd.edu.ar\/sitio\/wp-content\/uploads\/2025\/12\/Profesorado-para-la-Educacion-Secundaria-en-Quimica.pdf\">Mesas &#8211; Profesorado\u00a0 para la\u00a0 Educaci\u00f3n Secundaria en Qu\u00edmica (Res <span dir=\"ltr\" role=\"presentation\">13259\/99<\/span> &#8211; 22\/03\u00a0 &#8211; <span dir=\"ltr\" role=\"presentation\">4664\/03)<\/span><\/a><\/li>\n<li><a href=\"https:\/\/isfdyt28-bue.infd.edu.ar\/sitio\/wp-content\/uploads\/2025\/12\/Profesorado-en-Educacion-Inicial-Plan-4-anosRes-415407.pdf\">Mesas &#8211; Profesorado en Educaci\u00f3n Inicial &#8211; (Res 4154\/07)<\/a><\/li>\n<li><a href=\"https:\/\/isfdyt28-bue.infd.edu.ar\/sitio\/wp-content\/uploads\/2025\/12\/Profesorado-en-Educacion-Primaria-Res-415407.pdf\">Mesas &#8211; Profesorado en Educaci\u00f3n Primaria &#8211; (Res 4154\/07)<\/a><\/li>\n<li><a href=\"https:\/\/isfdyt28-bue.infd.edu.ar\/sitio\/wp-content\/uploads\/2025\/12\/Profesorado-de-Educacion-Secundaria-en-Filosofia.pdf\">Mesas &#8211; Profesorado\u00a0 para la\u00a0 Educaci\u00f3n Secundaria en Filosof\u00eda (Res: 3603\/22)<\/a><\/li>\n<li><a href=\"https:\/\/isfdyt28-bue.infd.edu.ar\/sitio\/wp-content\/uploads\/2025\/12\/Psicopedagogia-Res-246011.pdf\">Mesas &#8211; Psicopedagog\u00eda (Res 2460\/11)<\/a><\/li>\n<li><a href=\"https:\/\/isfdyt28-bue.infd.edu.ar\/sitio\/wp-content\/uploads\/2025\/12\/Tecnico-Superior-en-Administracion-General-RES-261-03.pdf\">Mesas &#8211; T\u00e9cnico Superior en Administraci\u00f3n General (Res 261\/03)<\/a><\/li>\n<li><a href=\"https:\/\/isfdyt28-bue.infd.edu.ar\/sitio\/wp-content\/uploads\/2025\/12\/Tecnico-Superior-en-Seguridad-e-Higiene-del-Trabajo.pdf\">Mesas &#8211; T\u00e9cnico Superior en Higiene y Seguridad en el\u00a0 Trabajo (Res 320\/13)<\/a><\/li>\n<li>Mesas &#8211; T\u00e9cnico Superior en Desarrollador de Software (Res 5847\/19)<\/li>\n<li><a href=\"https:\/\/isfdyt28-bue.infd.edu.ar\/sitio\/wp-content\/uploads\/2025\/12\/Acompanamiento-Terapeutico.pdf\">Mesas &#8211; Acompa\u00f1ante Terap\u00e9utico (Res 1221\/15)<\/a><\/li>\n<li><a href=\"https:\/\/isfdyt28-bue.infd.edu.ar\/sitio\/wp-content\/uploads\/2025\/12\/Trabajador-Social.pdf\">Mesas &#8211; Trabajo Social (Res 1666\/06)<\/a><\/li>\n<li><a href=\"https:\/\/isfdyt28-bue.infd.edu.ar\/sitio\/wp-content\/uploads\/2025\/12\/Tecnicatura-Superior-en-PYMES.pdf\">Tecnicatura Superior en Administraci\u00f3n de PYMES \u2013 (Res. 485-23)<\/a><\/li>\n<\/ul>\n<p><span style=\"color: #ff0000;\"><strong>\u00a0<\/strong><\/span><\/p>\n\n\n<p><\/p>\n\n\n\n<p><\/p>\n","protected":false},"excerpt":{"rendered":"<p>Si la mesa en la que deseas presentarte no se ha conformado comun\u00edcate con el equipo directivo al mail isfdyt28veinticincodemayo@abc.gob.ar Nota: Se informa que la inscripci\u00f3n se realizar\u00e1 del 11-02 al 17-02-2026 a trav\u00e9s del siguiente v\u00ednculo formulario de inscripci\u00f3n No Inscribirse en materias promocionadas TENER EN CUENTA QUE NING\u00daN ESTUDIANTE PODR\u00c1 INSCRIBIRSE EN UN &#8230; <a title=\"Fechas de Ex\u00e1menes\" class=\"read-more\" href=\"https:\/\/isfdyt28-bue.infd.edu.ar\/sitio\/fechas-de-examenes\/\" aria-label=\"More on Fechas de Ex\u00e1menes\">[+]<\/a><\/p>\n","protected":false},"author":735,"featured_media":0,"parent":0,"menu_order":0,"comment_status":"closed","ping_status":"closed","template":"","meta":[],"acf":[],"_links":{"self":[{"href":"https:\/\/isfdyt28-bue.infd.edu.ar\/sitio\/wp-json\/wp\/v2\/pages\/1150"}],"collection":[{"href":"https:\/\/isfdyt28-bue.infd.edu.ar\/sitio\/wp-json\/wp\/v2\/pages"}],"about":[{"href":"https:\/\/isfdyt28-bue.infd.edu.ar\/sitio\/wp-json\/wp\/v2\/types\/page"}],"author":[{"embeddable":true,"href":"https:\/\/isfdyt28-bue.infd.edu.ar\/sitio\/wp-json\/wp\/v2\/users\/735"}],"replies":[{"embeddable":true,"href":"https:\/\/isfdyt28-bue.infd.edu.ar\/sitio\/wp-json\/wp\/v2\/comments?post=1150"}],"version-history":[{"count":276,"href":"https:\/\/isfdyt28-bue.infd.edu.ar\/sitio\/wp-json\/wp\/v2\/pages\/1150\/revisions"}],"predecessor-version":[{"id":2566,"href":"https:\/\/isfdyt28-bue.infd.edu.ar\/sitio\/wp-json\/wp\/v2\/pages\/1150\/revisions\/2566"}],"wp:attachment":[{"href":"https:\/\/isfdyt28-bue.infd.edu.ar\/sitio\/wp-json\/wp\/v2\/media?parent=1150"}],"curies":[{"name":"wp","href":"https:\/\/api.w.org\/{rel}","templated":true}]}}