{"id":1148,"date":"2018-08-29T16:18:39","date_gmt":"2018-08-29T19:18:39","guid":{"rendered":"https:\/\/isfdyt28-bue.infd.edu.ar\/sitio\/profesorados-en-biologia-fisica-y-quimica\/"},"modified":"2018-08-29T16:18:39","modified_gmt":"2018-08-29T19:18:39","slug":"profesorados-en-biologia-fisica-y-quimica","status":"publish","type":"page","link":"https:\/\/isfdyt28-bue.infd.edu.ar\/sitio\/profesorados-en-biologia-fisica-y-quimica\/","title":{"rendered":"Profesorados en Biolog\u00eda, F\u00edsica y Qu\u00edmica"},"content":{"rendered":"<p><!--[if gte mso 9]><xml> Normal   0   21         false   false   false                             MicrosoftInternetExplorer4 <\/xml><![endif]--><!--[if gte mso 9]><xml> <\/xml><![endif]--> <!--[if gte mso 10]>\n\n\n<style>\n \/* Style Definitions *\/\n table.MsoNormalTable\n\t{mso-style-name:\"Tabla normal\";\n\tmso-tstyle-rowband-size:0;\n\tmso-tstyle-colband-size:0;\n\tmso-style-noshow:yes;\n\tmso-style-parent:\"\";\n\tmso-padding-alt:0cm 5.4pt 0cm 5.4pt;\n\tmso-para-margin:0cm;\n\tmso-para-margin-bottom:.0001pt;\n\tmso-pagination:widow-orphan;\n\tfont-size:10.0pt;\n\tfont-family:\"Times New Roman\";\n\tmso-ansi-language:#0400;\n\tmso-fareast-language:#0400;\n\tmso-bidi-language:#0400;}\n<\/style>\n\n\n<![endif]--><!--[if gte mso 9]><xml> <\/xml><![endif]--><!--[if gte mso 9]><xml> <\/xml><![endif]--><\/p>\n<p>Los Profesorados en Biolog&iacute;a, F&iacute;sica y Qu&iacute;mica contemplan los dos primeros a&ntilde;os de formaci&oacute;n com&uacute;n.&nbsp; En ambos cursos se desarrollan contenidos que ser&aacute;n base para la construcci&oacute;n del &Aacute;rea de Ciencias Naturales. As&iacute;, al finalizar los dos primeros a&ntilde;os de su carrera, los futuros docentes habr&aacute;n transitado por una formaci&oacute;n general con &eacute;nfasis en aspectos pedag&oacute;gicos, did&aacute;cticos y psicol&oacute;gicos y poseer&aacute;n los conocimientos cient&iacute;ficos b&aacute;sicos para iniciar la formaci&oacute;n espec&iacute;fica en una de las disciplinas.&nbsp; En los a&ntilde;os siguientes, se ofrecen espacios de formaci&oacute;n complementaria sustanciales para la adecuada&nbsp; formaci&oacute;n en la especialidad elegida, en funci&oacute;n de los requerimientos interdisciplinarios del conocimiento en la actualidad.&nbsp; Tal estructuraci&oacute;n garantiza, simult&aacute;neamente, el dominio de la propia disciplina y la idoneidad del egresado para desempe&ntilde;arse en el Tercer Ciclo de EGB, en el &Aacute;rea de Ciencias Naturales.<\/p>\n<p><a href=\"upload\/Profesorado_Ciencias_Naturales_Biologia_Fisica_y_Quimica.pdf\">Ver Resolucion Completa<\/a><\/p><\/p>\n","protected":false},"excerpt":{"rendered":"<p>Los Profesorados en Biolog&iacute;a, F&iacute;sica y Qu&iacute;mica contemplan los dos primeros a&ntilde;os de formaci&oacute;n com&uacute;n.&nbsp; En ambos cursos se desarrollan contenidos que ser&aacute;n base para la construcci&oacute;n del &Aacute;rea de Ciencias Naturales. As&iacute;, al finalizar los dos primeros a&ntilde;os de su carrera, los futuros docentes habr&aacute;n transitado por una formaci&oacute;n general con &eacute;nfasis en aspectos &#8230; <a title=\"Profesorados en Biolog\u00eda, F\u00edsica y Qu\u00edmica\" class=\"read-more\" href=\"https:\/\/isfdyt28-bue.infd.edu.ar\/sitio\/profesorados-en-biologia-fisica-y-quimica\/\" aria-label=\"More on Profesorados en Biolog\u00eda, F\u00edsica y Qu\u00edmica\">[+]<\/a><\/p>\n","protected":false},"author":735,"featured_media":0,"parent":0,"menu_order":0,"comment_status":"closed","ping_status":"closed","template":"","meta":[],"acf":[],"_links":{"self":[{"href":"https:\/\/isfdyt28-bue.infd.edu.ar\/sitio\/wp-json\/wp\/v2\/pages\/1148"}],"collection":[{"href":"https:\/\/isfdyt28-bue.infd.edu.ar\/sitio\/wp-json\/wp\/v2\/pages"}],"about":[{"href":"https:\/\/isfdyt28-bue.infd.edu.ar\/sitio\/wp-json\/wp\/v2\/types\/page"}],"author":[{"embeddable":true,"href":"https:\/\/isfdyt28-bue.infd.edu.ar\/sitio\/wp-json\/wp\/v2\/users\/735"}],"replies":[{"embeddable":true,"href":"https:\/\/isfdyt28-bue.infd.edu.ar\/sitio\/wp-json\/wp\/v2\/comments?post=1148"}],"version-history":[{"count":0,"href":"https:\/\/isfdyt28-bue.infd.edu.ar\/sitio\/wp-json\/wp\/v2\/pages\/1148\/revisions"}],"wp:attachment":[{"href":"https:\/\/isfdyt28-bue.infd.edu.ar\/sitio\/wp-json\/wp\/v2\/media?parent=1148"}],"curies":[{"name":"wp","href":"https:\/\/api.w.org\/{rel}","templated":true}]}}