{"id":1141,"date":"2018-08-29T16:18:36","date_gmt":"2018-08-29T19:18:36","guid":{"rendered":"https:\/\/isfdyt28-bue.infd.edu.ar\/sitio\/normativa-vigente\/"},"modified":"2026-02-11T18:45:58","modified_gmt":"2026-02-11T21:45:58","slug":"normativa-vigente","status":"publish","type":"page","link":"https:\/\/isfdyt28-bue.infd.edu.ar\/sitio\/normativa-vigente\/","title":{"rendered":"Normativa Vigente"},"content":{"rendered":"<p><a href=\"https:\/\/isfdyt28-bue.infd.edu.ar\/sitio\/wp-content\/uploads\/2020\/08\/Res.-1161-20-Mod.-Anexo-I-de-la-Res.-5886-03.pdf\">Res. <\/a><a href=\"https:\/\/isfdyt28-bue.infd.edu.ar\/sitio\/wp-content\/uploads\/2020\/08\/Res.-1161-20-Mod.-Anexo-I-de-la-Res.-5886-03.pdf\">1161\/20<\/a><a href=\"https:\/\/isfdyt28-bue.infd.edu.ar\/sitio\/wp-content\/uploads\/2020\/08\/Res.-1161-20-Mod.-Anexo-I-de-la-Res.-5886-03.pdf\">\u00a0Modificaci\u00f3n Anexo 1 Resoluci\u00f3n 5886\/03 <\/a><\/p>\n<p><a href=\"https:\/\/isfdyt28-bue.infd.edu.ar\/sitio\/wp-content\/uploads\/2019\/03\/regimen-acad\u00e9mico-final-Anexo-y-Resoluci\u00f3n.doc\">R\u00e9gimen Acad\u00e9mico 4043\/09<\/a><\/p>\n<p><a title=\"Comunicaci\u00f3n 32\/10\" href=\"https:\/\/www.dropbox.com\/s\/68y2zqi3gvnrvsh\/Ingreso%2C%20trayectoria%20y%20promocion%20-%20Ampliatoria.doc\" target=\"_blank\" rel=\"noopener\">Ampliaci\u00f3n Ingreso, Trayectoria y Promoci\u00f3n. ( Comunicaci\u00f3n 32\/10 )<\/a><\/p>\n<p><a title=\"upload\/Registro__Avance_Academico.doc\" href=\"upload\/Registro__Avance_Academico.doc\">Registro de Avance Acad\u00e9mico<\/a><\/p>\n<p><a href=\"upload\/Disposicion_30.pdf\">Disposicion Nro. 30-05 &#8211; Instructivo confeccion Proyectos de Catedra<\/a><\/p>\n<p><a title=\"Res 550-07\" href=\"upload\/Resolucion_550-07.doc\" target=\"_blank\" rel=\"noopener\">Res 550\/07 Tramo de Formaci\u00f3n Pedag\u00f3gica<\/a><\/p>\n<p><a title=\"Disp 6-16\" href=\"upload\/Disposicion_6-16.docx\" target=\"_blank\" rel=\"noopener\">Comunicaci\u00f3n 32\/16 Apertura del Tramo de Formaci\u00f3n Pedag\u00f3gica<\/a><\/p>\n<p>Resoluci\u00f3n 5886-03 sobre la cobertura de c\u00e1tedras\u00a0 <a href=\"https:\/\/isfdyt28-bue.infd.edu.ar\/sitio\/wp-content\/uploads\/2019\/03\/Resolucion-5886.doc\">Res 5886-03<\/a><\/p>\n<p>Resoluci\u00f3n que encuadra la composici\u00f3n del Consejo Acad\u00e9mico Institucional<\/p>\n<p><a class=\"LinkModi\" href=\"https:\/\/isfdyt28-bue.infd.edu.ar\/aula\/archivos\/repositorio\/\/0\/143\/Resoluci%F3n_4044-09_CAI_2009.doc\" target=\"_NEW\" rel=\"noopener\">Resoluci\u00f3n_4044-09_CAI_2009.doc<\/a><\/p>\n<p><a title=\"Lecci\u00f3n paseo\" href=\"upload\/resol-498.pdf\" target=\"_blank\" rel=\"noopener\">Lecci\u00f2n Paseo Res 498<\/a><\/p>\n","protected":false},"excerpt":{"rendered":"<p>Res. 1161\/20\u00a0Modificaci\u00f3n Anexo 1 Resoluci\u00f3n 5886\/03 R\u00e9gimen Acad\u00e9mico 4043\/09 Ampliaci\u00f3n Ingreso, Trayectoria y Promoci\u00f3n. ( Comunicaci\u00f3n 32\/10 ) Registro de Avance Acad\u00e9mico Disposicion Nro. 30-05 &#8211; Instructivo confeccion Proyectos de Catedra Res 550\/07 Tramo de Formaci\u00f3n Pedag\u00f3gica Comunicaci\u00f3n 32\/16 Apertura del Tramo de Formaci\u00f3n Pedag\u00f3gica Resoluci\u00f3n 5886-03 sobre la cobertura de c\u00e1tedras\u00a0 Res 5886-03 Resoluci\u00f3n &#8230; <a title=\"Normativa Vigente\" class=\"read-more\" href=\"https:\/\/isfdyt28-bue.infd.edu.ar\/sitio\/normativa-vigente\/\" aria-label=\"More on Normativa Vigente\">[+]<\/a><\/p>\n","protected":false},"author":735,"featured_media":0,"parent":0,"menu_order":0,"comment_status":"closed","ping_status":"closed","template":"","meta":[],"acf":[],"_links":{"self":[{"href":"https:\/\/isfdyt28-bue.infd.edu.ar\/sitio\/wp-json\/wp\/v2\/pages\/1141"}],"collection":[{"href":"https:\/\/isfdyt28-bue.infd.edu.ar\/sitio\/wp-json\/wp\/v2\/pages"}],"about":[{"href":"https:\/\/isfdyt28-bue.infd.edu.ar\/sitio\/wp-json\/wp\/v2\/types\/page"}],"author":[{"embeddable":true,"href":"https:\/\/isfdyt28-bue.infd.edu.ar\/sitio\/wp-json\/wp\/v2\/users\/735"}],"replies":[{"embeddable":true,"href":"https:\/\/isfdyt28-bue.infd.edu.ar\/sitio\/wp-json\/wp\/v2\/comments?post=1141"}],"version-history":[{"count":8,"href":"https:\/\/isfdyt28-bue.infd.edu.ar\/sitio\/wp-json\/wp\/v2\/pages\/1141\/revisions"}],"predecessor-version":[{"id":2567,"href":"https:\/\/isfdyt28-bue.infd.edu.ar\/sitio\/wp-json\/wp\/v2\/pages\/1141\/revisions\/2567"}],"wp:attachment":[{"href":"https:\/\/isfdyt28-bue.infd.edu.ar\/sitio\/wp-json\/wp\/v2\/media?parent=1141"}],"curies":[{"name":"wp","href":"https:\/\/api.w.org\/{rel}","templated":true}]}}