{"id":1124,"date":"2018-08-29T16:18:28","date_gmt":"2018-08-29T19:18:28","guid":{"rendered":"https:\/\/isfdyt28-bue.infd.edu.ar\/sitio\/oferta-educativa-2018\/"},"modified":"2026-02-20T19:47:58","modified_gmt":"2026-02-20T22:47:58","slug":"oferta-educativa","status":"publish","type":"page","link":"https:\/\/isfdyt28-bue.infd.edu.ar\/sitio\/oferta-educativa\/","title":{"rendered":"Oferta Educativa 2026"},"content":{"rendered":"<h1 class=\"title\">\u00a0<\/h1>\n<p>\u00a0<\/p>\n<h2 id=\"bienvenidxs-aspirantes-a-ingresar-al-isfd-n-39\"><strong>\u00a1Bienvenidos futuros aspirantes a ingresar al I.S.F.D. y T. N\u00b0 28!!!<\/strong><\/h2>\n<p>\u00a0<\/p>\n<h5 style=\"text-align: center;\">Queremos agradecerles el inter\u00e9s por incorporarse como estudiantes a nuestro Instituto.\u00a0<\/h5>\n<p>\u00a0<\/p>\n<h4 style=\"text-align: center;\"><strong>CARRERAS DEL I.S.F.D. y T. N\u00b0 28 <\/strong><strong>para el CICLO LECTIVO 2026<\/strong><\/h4>\n<p><strong>\u00a0<\/strong><strong>En la sede 25 de Mayo<\/strong><\/p>\n<p><u><b>CARRERAS DOCENTES:<\/b><\/u><\/p>\n<ul>\n<li>Profesorado de Educaci\u00f3n Secundaria en Qu\u00edmica\u00a0 \u2013 Res 3610\/22<\/li>\n<li>Profesorado de Educaci\u00f3n Secundaria en Filosof\u00eda &#8211; Res 3603\/22<\/li>\n<li>Profesorado de Educaci\u00f3n Secundaria en Matem\u00e1tica \u2013 Res 5882\/25<\/li>\n<li>Profesorado de Lengua y Literatura &#8211;\u00a0 Res 5883\/25<\/li>\n<li>Profesorado de Educaci\u00f3n Primaria &#8211; Res. 4154\/07\u00a0<\/li>\n<li>CUFBA &#8211; Res. 1883\/99 (Ingles)<\/li>\n<\/ul>\n<p><span style=\"color: #ff6600;\">\u00a0<\/span><\/p>\n<p><u><b>CARRERAS T\u00c9CNICAS:<\/b><\/u><\/p>\n<ul>\n<li>Tecnicatura Superior en Administraci\u00f3n de PYMES &#8211; Res. 485\/23<\/li>\n<li>Tecnicatura Superior en Higiene\u00a0 y Seguridad en el Trabajo &#8211; Res. 6183\/25<\/li>\n<\/ul>\n<p><span style=\"color: #ff6600;\">\u00a0<\/span><\/p>\n<p><strong>En Anexo 328 de Norberto de la Riestra<\/strong><\/p>\n<ul>\n<li>Tecnicatura Superior en Desarrollador de Software &#8211; Res 5847\/19<\/li>\n<\/ul>\n<p><strong>Consulta los planes de estudios<\/strong><\/p>\n<ul>\n<li><a href=\"https:\/\/isfdyt28-bue.infd.edu.ar\/sitio\/carreras-docentes\/\"><strong>Carreras docentes<\/strong><\/a><\/li>\n<li><a href=\"https:\/\/isfdyt28-bue.infd.edu.ar\/sitio\/carreras-tecnicas\/\"><strong>Carreras T\u00e9cnicas<\/strong><\/a><\/li>\n<\/ul>\n<h4 style=\"text-align: center;\"><strong>Inscripci\u00f3n\u00a0 Carreras 2026\u00a0<br \/><\/strong><\/h4>\n<p><strong>A partir del lunes 1 de diciembre de 2025, deber\u00e1s entregar la documentaci\u00f3n y la planilla de inscripci\u00f3n en la preceptor\u00eda del Instituto<\/strong><\/p>\n<h5 id=\"1-paso-reunir-la-siguiente-documentacion\"><strong>\u00a0<\/strong>Reunir la siguiente documentaci\u00f3n\u00a0<\/h5>\n<ul>\n<li>DNI<\/li>\n<li>Foto 4\u00d74\u00a0<\/li>\n<li>T\u00edtulo secundario. Si no cuentan a\u00fan con el t\u00edtulo, Constancia de T\u00edtulo en Tr\u00e1mite o Constancia de Alumno Regular del \u00faltimo a\u00f1o de escuela secundaria<\/li>\n<li>Ficha de inscripci\u00f3n. <a href=\"https:\/\/drive.google.com\/file\/d\/1srrb1BtSkoXcZx04tDdmjqZVXBV-v7NE\/view?usp=sharing\">Acceden por este enlace<\/a><\/li>\n<\/ul>\n<h3 id=\"tene-en-cuenta-que\">Ten\u00e9 en cuenta que\u2026<\/h3>\n<p>Nuestra instituci\u00f3n es p\u00fablica y gratuita pero gran parte de nuestro funcionamiento se financia con aportes de la Asociaci\u00f3n Cooperadora. .\u00a0<\/p>\n<h4 style=\"text-align: center;\">Las cursadas comienzan el 16\u00a0 de Marzo 2026\u00a0<\/h4>\n<p><a href=\"https:\/\/www.facebook.com\/ISFDyT28\/\">P\u00e1gina de Facebook\u00a0<\/a> &#8211; <a href=\"_wp_link_placeholder\" data-wplink-edit=\"true\">Perfil de Instagram<\/a><\/p>\n<p><span style=\"font-size: 12pt;\">\u00a0<\/span><\/p>\n<p><span style=\"font-size: medium;\">\u00a0<\/span><\/p>\n<p style=\"text-align: center;\"><span style=\"font-size: 12pt;\">\u00a0<\/span><\/p>\n\n\n<p><\/p>\n","protected":false},"excerpt":{"rendered":"<p>\u00a0 \u00a0 \u00a1Bienvenidos futuros aspirantes a ingresar al I.S.F.D. y T. N\u00b0 28!!! \u00a0 Queremos agradecerles el inter\u00e9s por incorporarse como estudiantes a nuestro Instituto.\u00a0 \u00a0 CARRERAS DEL I.S.F.D. y T. N\u00b0 28 para el CICLO LECTIVO 2026 \u00a0En la sede 25 de Mayo CARRERAS DOCENTES: Profesorado de Educaci\u00f3n Secundaria en Qu\u00edmica\u00a0 \u2013 Res 3610\/22 &#8230; <a title=\"Oferta Educativa 2026\" class=\"read-more\" href=\"https:\/\/isfdyt28-bue.infd.edu.ar\/sitio\/oferta-educativa\/\" aria-label=\"More on Oferta Educativa 2026\">[+]<\/a><\/p>\n","protected":false},"author":735,"featured_media":0,"parent":0,"menu_order":0,"comment_status":"closed","ping_status":"closed","template":"","meta":[],"acf":[],"_links":{"self":[{"href":"https:\/\/isfdyt28-bue.infd.edu.ar\/sitio\/wp-json\/wp\/v2\/pages\/1124"}],"collection":[{"href":"https:\/\/isfdyt28-bue.infd.edu.ar\/sitio\/wp-json\/wp\/v2\/pages"}],"about":[{"href":"https:\/\/isfdyt28-bue.infd.edu.ar\/sitio\/wp-json\/wp\/v2\/types\/page"}],"author":[{"embeddable":true,"href":"https:\/\/isfdyt28-bue.infd.edu.ar\/sitio\/wp-json\/wp\/v2\/users\/735"}],"replies":[{"embeddable":true,"href":"https:\/\/isfdyt28-bue.infd.edu.ar\/sitio\/wp-json\/wp\/v2\/comments?post=1124"}],"version-history":[{"count":107,"href":"https:\/\/isfdyt28-bue.infd.edu.ar\/sitio\/wp-json\/wp\/v2\/pages\/1124\/revisions"}],"predecessor-version":[{"id":2581,"href":"https:\/\/isfdyt28-bue.infd.edu.ar\/sitio\/wp-json\/wp\/v2\/pages\/1124\/revisions\/2581"}],"wp:attachment":[{"href":"https:\/\/isfdyt28-bue.infd.edu.ar\/sitio\/wp-json\/wp\/v2\/media?parent=1124"}],"curies":[{"name":"wp","href":"https:\/\/api.w.org\/{rel}","templated":true}]}}