{"id":1118,"date":"2018-08-29T16:18:26","date_gmt":"2018-08-29T19:18:26","guid":{"rendered":"https:\/\/isfdyt28-bue.infd.edu.ar\/sitio\/noticias-del-instituto\/"},"modified":"2020-08-18T18:56:59","modified_gmt":"2020-08-18T21:56:59","slug":"noticias-del-instituto","status":"publish","type":"page","link":"https:\/\/isfdyt28-bue.infd.edu.ar\/sitio\/noticias-del-instituto\/","title":{"rendered":"Noticias del Instituto"},"content":{"rendered":"<h1><strong>Cobertura de Asignaturas I.S.F.D. y T. N\u00b0 28 &#8211; 2020<\/strong><\/h1>\n<div>\n<div>\n<div>\n<div>\n<div>\n<div>\n<div><a href=\"https:\/\/isfdyt28-bue.infd.edu.ar\/sitio\/wp-content\/uploads\/2020\/08\/convocatoria-final-2020.pdf\"><strong>16\u00b0 Cobertura de Asignaturas ISFDyT N\u00ba 28 y Anexo328\u00a0\u00a0 2020<\/strong><\/a><\/div>\n<div><\/div>\n<div><a href=\"https:\/\/isfdyt28-bue.infd.edu.ar\/sitio\/wp-content\/uploads\/2020\/08\/convocatoria-final.pdf\"><strong>15\u00b0 Cobertura de Asignaturas ISFDyT N\u00ba 28 y Anexo328\u00a0\u00a0 2020<\/strong><\/a><\/div>\n<\/div>\n<div><\/div>\n<\/div>\n<div>\n<div><\/div>\n<div><strong>14\u00b0 Cobertura de Asignaturas\u00a0 ISFDyT N\u00b0 28 2020<\/strong><\/div>\n<\/div>\n<div>\n<div>\u00a0\u00a0\u00a0 <a href=\"https:\/\/isfdyt28-bue.infd.edu.ar\/sitio\/wp-content\/uploads\/2020\/04\/convocatoria-tercero-psicopedagogia.pdf\">3er a\u00f1o Psicopedagog\u00eda<\/a><\/div>\n<div>\u00a0\u00a0\u00a0 <a href=\"https:\/\/isfdyt28-bue.infd.edu.ar\/sitio\/wp-content\/uploads\/2020\/04\/convocatoria-tercero-multimedial.pd\">3er\u00a0 a\u00f1o Tec. Sup en Comunicaci\u00f3n Multimedial<\/a><\/div>\n<div>\u00a0\u00a0\u00a0 <a href=\"https:\/\/isfdyt28-bue.infd.edu.ar\/sitio\/wp-content\/uploads\/2020\/04\/convocatoria-tercero-lengua.pdf\">3ero a\u00f1o Prof. de Educ. Sec.en Lengua y Literatura<\/a><\/div>\n<div>\u00a0\u00a0<a href=\"https:\/\/isfdyt28-bue.infd.edu.ar\/sitio\/wp-content\/uploads\/2020\/04\/convocatoria-tercero-inicial.pdf\">\u00a0 3er a\u00f1o Prof. Educaci\u00f3n Inicial<\/a><\/div>\n<div>\u00a0\u00a0\u00a0 <a href=\"https:\/\/isfdyt28-bue.infd.edu.ar\/sitio\/wp-content\/uploads\/2020\/04\/convocatoria-segundo-indumentaria.pdf\">2do a\u00f1o Tec. en Dise\u00f1o y Producci\u00f2n de Indumentaria<\/a><\/div>\n<div>\u00a0\u00a0\u00a0 <a href=\"https:\/\/isfdyt28-bue.infd.edu.ar\/sitio\/wp-content\/uploads\/2020\/04\/convocatoria-tercero-bibliotecologia.pdf\">3er a\u00f1o Bibliotecolog\u00eda<\/a><\/div>\n<div>\u00a0\u00a0\u00a0 <a href=\"https:\/\/isfdyt28-bue.infd.edu.ar\/sitio\/wp-content\/uploads\/2020\/04\/convocatoria-primero-adm.-contable.pdf\">1er a\u00f1o Tec. Sup en Administraci\u00f3n Contable<\/a><\/div>\n<div>\u00a0\u00a0\u00a0 <a href=\"https:\/\/isfdyt28-bue.infd.edu.ar\/sitio\/wp-content\/uploads\/2020\/04\/convocatoria-segundo-economia-social.pdf\">2do a\u00f1o Tec. Sup en Economia Social para el Desarrollo local<\/a><\/div>\n<div>\u00a0\u00a0\u00a0 <a href=\"https:\/\/isfdyt28-bue.infd.edu.ar\/sitio\/wp-content\/uploads\/2020\/04\/convocatoria-primero-ingles.pdf\">1er a\u00f1o Prof. de Educ. en Ingles<\/a><\/div>\n<div>\u00a0\u00a0\u00a0 <a href=\"https:\/\/isfdyt28-bue.infd.edu.ar\/sitio\/wp-content\/uploads\/2020\/04\/convocatoria-segundo-adm.-general.pdf\">2do a\u00f1o de Tec. Sup. en Administraci\u00f2n General<\/a><\/div>\n<div>\u00a0\u00a0\u00a0<a href=\"https:\/\/isfdyt28-bue.infd.edu.ar\/sitio\/wp-content\/uploads\/2020\/04\/convocatoria-cuarto-fisica.pdf\"> 4to a\u00f1o \u00a0\u00a0 Prof. de Educ. Sec.en F\u00ecsica<\/a><\/div>\n<div>\n<p>Los espacios curriculares correspondientes a cada a\u00f1o que no aparecen en el listado se debe a cobertura por Ordenes de Merito vigentes (Seg\u00fan Res 5886) o bien posible reasignacion de titulares, a confirmar.<\/p>\n<p><strong>FE DE ERRATA<\/strong>:<\/p>\n<p>&gt;&gt;&gt;En Convocatoria para cobertura del Profesorado de Historia, la Resoluci\u00f3n correcta del Plan de Estudios es: 13259\/99 Modificada por Res 24\/03.<\/p>\n<p>&gt;&gt;&gt;En convocatoria para cobertura del Profesorado de Geograf\u00eda, 4to a\u00f1o, el Espacio de la Pr\u00e1ctica Docente IV la carga horaria correspondiente es de 4 M\u00f3dulos.<\/p>\n<p><strong>IMPORTANTE<\/strong>: como medida excepcional ante el periodo extendido de la cuarentena nacional, <strong>si este afecta a las fechas pautadas de inscripci\u00f3n<\/strong>, con el objetivo de agilizar el proceso de Comisiones Evaluadoras por Resol 5886\/03, cada postulante debera enviar copia de sus proyectos (no Anexo III) en formato digital, PDF, a la direcci\u00f3n de email del instituto: <strong><a href=\"mailto:isfdyt.n28@gmail.com\">isfdyt.n28@gmail.com<\/a><\/strong><\/p>\n<p>Una vez culminada la cuarentena, deber\u00e1n presentar en lo inmediato en formato impreso tanto el proyecto como el Anexo III de la Resol. 5886.<\/p>\n<p>Ante cualquier consulta, quedamos a disposici\u00f3n.<\/p>\n<p>Sin otro particular. Atte. Equipo de Conducci\u00f3n<\/p>\n<p>&nbsp;<\/p>\n<\/div>\n<div><strong>13\u00b0 Cobertura de Asignaturas\u00a0 ISFDyT N\u00b0 28 2020<\/strong><\/div>\n<\/div>\n<\/div>\n<\/div>\n<div>\n<div>\u00a0\u00a0\u00a0<a href=\"https:\/\/isfdyt28-bue.infd.edu.ar\/sitio\/wp-content\/uploads\/2020\/03\/convocatoria-tercero-biologia.pdf\"> 3ero a\u00f1o Prof. de Educ. Sec.en Biolog\u00eda<\/a><\/div>\n<div><a href=\"https:\/\/isfdyt28-bue.infd.edu.ar\/sitio\/wp-content\/uploads\/2020\/03\/convocatoria-tercero-Historia.pdf\">\u00a0\u00a0\u00a0 2do a\u00f1o Prof. de Educ. Sec. en Historia<\/a><\/div>\n<div><\/div>\n<\/div>\n<div>\n<div><strong>12\u00b0 Cobertura de Asignaturas\u00a0 ISFDyT N\u00b0 28 2020<\/strong><\/div>\n<\/div>\n<div>\u00a0\u00a0<a href=\"https:\/\/isfdyt28-bue.infd.edu.ar\/sitio\/wp-content\/uploads\/2020\/03\/convocatoria-cuarto-geografia.pdf\">\u00a0 4to a\u00f1o Prof. de Educ. Sec.en Geograf\u00eda<\/a><\/div>\n<div>\u00a0\u00a0\u00a0 <a href=\"https:\/\/isfdyt28-bue.infd.edu.ar\/sitio\/wp-content\/uploads\/2020\/03\/convocatoria-segundo-geografia.pdf\">2do a\u00f1o Prof. de Educ. Sec. en Geograf\u00eda<\/a><\/div>\n<\/div>\n<div><\/div>\n<div><a href=\"https:\/\/isfdyt28-bue.infd.edu.ar\/sitio\/wp-content\/uploads\/2020\/03\/UNDECIMA-CONVOCATORIA-TEC-SUP-EN-ECONOMIA-SOCIAL-PARA-EL-DESARROLLO-LOCAL-SEGUNDO-A\u00d1O.pdf\"><strong>11\u00b0 Cobertura de Asignaturas\u00a0 ISFDyT N\u00b0 28 2020<\/strong><\/a><\/div>\n<\/div>\n<div>\u00a0\u00a0\u00a0 2do a\u00f1o Tec. Sup en Economia Social para el Desarrollo local<\/div>\n<div><\/div>\n<div>\n<div><strong>10\u00b0 Cobertura de Asignaturas\u00a0 ISFDyT N\u00b0 28 2020<\/strong><\/div>\n<\/div>\n<div>\u00a0\u00a0\u00a0 <a href=\"https:\/\/isfdyt28-bue.infd.edu.ar\/sitio\/wp-content\/uploads\/2020\/03\/DECIMA-CONVOCATORIA-BIBLIOTECOLOGIA-TERCER-A\u00d1O.pdf\">3er a\u00f1o Bibliotecolog\u00eda<\/a><\/div>\n<div>\u00a0\u00a0\u00a0<a href=\"https:\/\/isfdyt28-bue.infd.edu.ar\/sitio\/wp-content\/uploads\/2020\/03\/DECIMA-CONVOCATORIA-PROFESORADO-DE-INGLES-PRIMER-A\u00d1O.pdf\"> 1er a\u00f1o Prof. de Educ. en Ingles<\/a><\/div>\n<div><\/div>\n<div><\/div>\n<div>\n<div>\n<div>\n<div><a href=\"https:\/\/isfdyt28-bue.infd.edu.ar\/sitio\/wp-content\/uploads\/2020\/03\/NOVENA-CONVOCATORIA-TECNICATURA-SUPERIOR-EN-ADMINISTRACION-CONTABLE-PRIMER-A\u00d1O-ANEXO-RIESTRA.pdf\"><strong>9\u00b0 Cobertura de Asignaturas Anexo328\u00a0\u00a0 2020<\/strong><\/a><\/div>\n<\/div>\n<div>\u00a0\u00a0\u00a0 1er a\u00f1o Tec. Sup en Administraci\u00f3n Contable<\/div>\n<\/div>\n<div><\/div>\n<div><a href=\"https:\/\/isfdyt28-bue.infd.edu.ar\/sitio\/wp-content\/uploads\/2020\/03\/OCTAVA-CONVOCATORIA-PROFESORADO-DE-EDUCACION-ESPECIAL-PRIMER-A\u00d1O.pdf\"><strong>8\u00b0 Cobertura de Asignaturas\u00a0 ISFDyT N\u00b0 28 2020<\/strong><\/a><\/div>\n<\/div>\n<div>\u00a0\u00a0\u00a0 1er a\u00f1o Prof. de Educ. Especial<\/div>\n<div><\/div>\n<div>\n<div>\n<div>\n<div><a href=\"https:\/\/isfdyt28-bue.infd.edu.ar\/sitio\/wp-content\/uploads\/2020\/03\/SEPTIMA-CONVOCATORIA-TERCERO-PSICOPEDAGOGIA-ISFDyT28.pdf\"><strong>7\u00b0 Cobertura de Asignaturas ISFDyT N\u00b0 28\u00a0 2020<\/strong><\/a><\/div>\n<\/div>\n<div>\u00a0\u00a0\u00a0 3er a\u00f1o Tec. Sup en Psicopedagog\u00eda<\/div>\n<\/div>\n<div><\/div>\n<div><a href=\"https:\/\/isfdyt28-bue.infd.edu.ar\/sitio\/wp-content\/uploads\/2020\/02\/SEXTA-CONVOCATORIA-2020-TURISMO-ANEXO-RIESTRA-1.pdf\"><strong>6\u00b0 Cobertura de Asignaturas Anexo328\u00a0 2020<\/strong><\/a><\/div>\n<\/div>\n<div>\u00a0\u00a0\u00a0 3er a\u00f1o Tec. Sup en Turismo<\/div>\n<div><\/div>\n<div>\n<div><strong>5\u00b0 Cobertura de Asignaturas ISFDyT N\u00b0 28 2020<\/strong><\/div>\n<div>\u00a0\u00a0\u00a0\u00a0\u00a0 <a href=\"https:\/\/isfdyt28-bue.infd.edu.ar\/sitio\/wp-content\/uploads\/2020\/02\/QUINTA-CONVOCATORIA-CUARTO-FISICA-2020.pdf\">4to a\u00f1o Prof.para la Educaci\u00f3n Secundaria en F\u00edsica<\/a><\/div>\n<div>\u00a0\u00a0\u00a0\u00a0\u00a0 <a href=\"https:\/\/isfdyt28-bue.infd.edu.ar\/sitio\/wp-content\/uploads\/2020\/02\/QUINTA-CONVOCATORIA-TERCERO-ENFERMERIA-2020.pdf\">3er a\u00f1o Tec. Sup en Enfermer\u00eda<\/a><\/div>\n<\/div>\n<div><\/div>\n<div><a href=\"https:\/\/isfdyt28-bue.infd.edu.ar\/sitio\/wp-content\/uploads\/2020\/02\/CONVOCATORIA-TERCERO-INICIAL-2020.pdf\"><strong>4\u00b0 Cobertura de Asignaturas ISFDyT N\u00b0 28 2020<\/strong><\/a><\/div>\n<div>\u00a0\u00a0\u00a0\u00a0 3er a\u00f1o Prof. Educaci\u00f3n Inicial<\/div>\n<p><a href=\"https:\/\/isfdyt28-bue.infd.edu.ar\/sitio\/wp-content\/uploads\/2020\/02\/CONVOCATORIA-SEGUNDO-PRIMARIA-2020.docx\"><strong>3\u00b0 Cobertura de Asignaturas ISFDyT N\u00b0 28 2020<\/strong><\/a><\/p>\n<p>2do a\u00f1o Prof. Educaci\u00f3n Primaria<\/p>\n<p>Fe de erratas: por la presente comunicamos que por error involuntario salio en listado de convocatorias para el Ciclo Lectivo 2020 la materia \u00abDid\u00e1ctica de las Cs. Sociales\u00bb del Segundo A\u00f1o del Profesorado de Educaci\u00f3n Primaria; por tal motivo pedimos las correspondientes disculpas e informamos que dicho espacio curricular no sale a cobertura.<\/p>\n<p>Atte. Equipo de Conducci\u00f3n.<\/p>\n<p><a href=\"https:\/\/isfdyt28-bue.infd.edu.ar\/sitio\/wp-content\/uploads\/2020\/02\/CONVOCATORIA-PROFESORADO-PRIMARIA-CUARTO-2020-ANEXO-RIESTRA.docx\"><strong>\u00a0Cobertura de Asignaturas Anexo328\u00a0 2020<\/strong><\/a><\/p>\n<p><a href=\"https:\/\/isfdyt28-bue.infd.edu.ar\/sitio\/wp-content\/uploads\/2020\/02\/CONVOCATORIA-PRIMERO-INICIAL-2020.docx\"><strong>3\u00b0 Cobertura de Asignaturas ISFDyT N\u00b0 28 2020<\/strong><\/a><\/p>\n<p><a href=\"https:\/\/isfdyt28-bue.infd.edu.ar\/sitio\/wp-content\/uploads\/2019\/11\/Tercer-CONVOCATORIA-2020.pdf\"><strong>Cobertura de Asignaturas ISFDyT N\u00b0 28 2020<\/strong><\/a><\/p>\n<p><a href=\"https:\/\/isfdyt28-bue.infd.edu.ar\/sitio\/wp-content\/uploads\/2019\/11\/CONVOCATORIA-2020-ANEXO-RIESTRA.pd\"><strong>1\u00b0 Cobertura de Asignaturas Anexo328\u00a0 2020<\/strong><\/a><\/p>\n<p><a href=\"https:\/\/isfdyt28-bue.infd.edu.ar\/sitio\/wp-content\/uploads\/2019\/10\/CONVOCATORIA-2020-ISFDyT-28-1.pdf\"><strong>1\u00b0 Cobertura de Asignaturas ISFDyT N\u00b0 28 2020<\/strong><\/a><\/p>\n<p><a href=\"https:\/\/isfdyt28-bue.infd.edu.ar\/sitio\/wp-content\/uploads\/2019\/10\/CONVOCATORIA-FONOAUDIOLOGIA.pdf\"><strong>1\u00b0 Cobertura de Modulos para Fonaudiolog\u00eda ISFDyT N\u00b0 28 2020<\/strong><\/a><\/p>\n<div><\/div>\n<div>OBSERVACIONES:<\/div>\n<div><\/div>\n<div>Los espacios curriculares correspondientes a cada a\u00f1o que no aparecen en el listado se debe a cobertura por Ordenes de Merito vigentes (Seg\u00fan Res 5886) o bien posible reasignacion de titulares, a confirmar.<\/div>\n<div><\/div>\n<div>Ante cualquier consulta, quedamos a disposici\u00f3n.<\/div>\n<div><\/div>\n<div>\u00a0Equipo de Conducci\u00f3n.<\/div>\n<hr \/>\n<h1><strong>Cobertura de Asignaturas I.S.F.D. y T. N\u00b0 28 &#8211; 2019<\/strong><\/h1>\n<p><a href=\"https:\/\/isfdyt28-bue.infd.edu.ar\/sitio\/wp-content\/uploads\/2019\/03\/1\u00b0Convocatoria-2019.doc\"><strong>1\u00b0 Cobertura de Asignaturas ISFDyT N\u00b0 28 2019<\/strong><\/a><\/p>\n<ul>\n<li>Per\u00edodo de difusi\u00f3n: del 02-03-2019 al 11-03-2019<\/li>\n<li>Presentaci\u00f3n de Proyectos e Inscripci\u00f3n del 12 -03-2019 al 14-03-2019.-<\/li>\n<li>Lugar y horario de Inscripci\u00f3n: Sede de la Instituci\u00f3n (Direcci\u00f3n de Unidad Acad\u00e9mica) de 18:00 a 22 hs.<\/li>\n<\/ul>\n<p><a href=\"https:\/\/isfdyt28-bue.infd.edu.ar\/sitio\/wp-content\/uploads\/2019\/03\/2\u00b0Convocatoria-2019.doc\"><strong>2\u00b0 Cobertura de Asignaturas ISFDyT N\u00b0 28 2019<\/strong><\/a><\/p>\n<ul>\n<li>Per\u00edodo de difusi\u00f3n: del 03-03-2019 al 12-03-2019<\/li>\n<li>Presentaci\u00f3n de Proyectos e Inscripci\u00f3n del 13 -03-2019 al 15-03-2019.-<\/li>\n<li>Lugar y horario de Inscripci\u00f3n: Sede de la Instituci\u00f3n (Direcci\u00f3n de Unidad Acad\u00e9mica) de 18:00 a 22 hs.<\/li>\n<\/ul>\n<p><a href=\"https:\/\/isfdyt28-bue.infd.edu.ar\/sitio\/wp-content\/uploads\/2019\/03\/3\u00b0-Convocatoria-2019.docx\"><strong>3\u00b0 Cobertura de Asignaturas ISFDyT N\u00b0 28 2019<\/strong><\/a><\/p>\n<p>OBSERVACIONES:<\/p>\n<ul>\n<li>Per\u00edodo de difusi\u00f3n: del 11-03-2019 al 20-03-2019<\/li>\n<li>Presentaci\u00f3n de Proyectos e Inscripci\u00f3n del 21 -03-2019 al 23-03-2019.-<\/li>\n<li>Lugar y horario de Inscripci\u00f3n: Sede de la Instituci\u00f3n (Direcci\u00f3n de Unidad Acad\u00e9mica) de 18:00 a 22 hs.<\/li>\n<\/ul>\n<p><strong>Rectificatoria 3era convocatoria<\/strong><\/p>\n<p><a href=\"https:\/\/isfdyt28-bue.infd.edu.ar\/sitio\/wp-content\/uploads\/2019\/03\/3\u00b0-Convocatoria-2019-retificatoria.docx\">link<\/a><\/p>\n<p><a href=\"https:\/\/isfdyt28-bue.infd.edu.ar\/sitio\/wp-content\/uploads\/2019\/04\/4\u00b0-Convocatoria-2019.docx\"><strong>4\u00b0 Cobertura de Asignaturas ISFDyT N\u00b0 28 2019<\/strong><\/a><\/p>\n<p>OBSERVACIONES:<\/p>\n<ul>\n<li>Per\u00edodo de difusi\u00f3n: del 07- 04-2019 al 16 &#8211; 04-2019<\/li>\n<li>Presentaci\u00f3n de Proyectos e Inscripci\u00f3n del 17, 22 y 23 \u2013 04 &#8211; 2019.-<\/li>\n<li>Lugar y horario de Inscripci\u00f3n: Sede de la Instituci\u00f3n Biblioteca de 18:00 a 22 hs. S\u00e1bado 9 a 12h.-<\/li>\n<li>La propuesta curricular debe presentarse en formato A4 &#8211; 2 copias en sobre manila cerrado y pegado en un solo \u00e1ngulo \u00faltimo folio del Anexo III cuya leyenda dice \u201cSe adjuntan \u2026\u2026\u2026\u2026.. folios \u2026\u201d<\/li>\n<li>Incorporar dentro del sobre copia de apartados II PROPUESTA CURRICULAR y III ENTREVISTA P\u00daBLICA.<\/li>\n<li>El Anexo III se presenta aparte (uno para todos los proyectos de cada postulante) en carpeta transparente incluyendo Fotocopia DNI con domicilio actualizado; si estuviere en el listado 108 A\/B de nivel superior incorporar Oblea con puntaje correspondiente a la materia en la que se presenta. (Se imprime del portal ABC).-<\/li>\n<li>De las Comisiones evaluadoras ser\u00e1n notificados al momento de Inscribirse.<\/li>\n<\/ul>\n<p><a href=\"https:\/\/isfdyt28-bue.infd.edu.ar\/sitio\/wp-content\/uploads\/2019\/04\/5\u00b0-Convocatoria-2019.docx\"><strong>5\u00b0 Cobertura de Asignaturas ISFDyT N\u00b0 28 2019<\/strong><\/a><\/p>\n<p>OBSERVACIONES:<\/p>\n<ul>\n<li>Per\u00edodo de difusi\u00f3n: del 28- 04-2019 al 07 &#8211; 05-2019.-<\/li>\n<li>Presentaci\u00f3n de Proyectos e Inscripci\u00f3n del 08 al 10 \u2013 05 &#8211; 2019.-<\/li>\n<li>Lugar y horario de Inscripci\u00f3n: Sede de la Instituci\u00f3n Biblioteca de 18:00 a 22 hs. S\u00e1bado 9 a 12h.-<\/li>\n<li>La propuesta curricular debe presentarse en formato A4 &#8211; 2 copias en sobre manila cerrado y pegado en un solo \u00e1ngulo \u00faltimo folio del Anexo III cuya leyenda dice \u201cSe adjuntan \u2026\u2026\u2026\u2026.. folios \u2026\u201d<\/li>\n<li>Incorporar dentro del sobre copia de apartados II PROPUESTA CURRICULAR y III ENTREVISTA P\u00daBLICA.<\/li>\n<li>El Anexo III se presenta aparte (uno para todos los proyectos de cada postulante) en carpeta transparente incluyendo Fotocopia DNI con domicilio actualizado; si estuviere en el listado 108 A\/B de nivel superior incorporar Oblea con puntaje correspondiente a la materia en la que se presenta. (Se imprime del portal ABC).-<\/li>\n<li>De las Comisiones evaluadoras ser\u00e1n notificados al momento de Inscribirse.<\/li>\n<\/ul>\n<p><a href=\"https:\/\/isfdyt28-bue.infd.edu.ar\/sitio\/wp-content\/uploads\/2019\/05\/6\u00b0Convocatoria-2019-retificada.docx\"><strong>6\u00b0 Cobertura de Asignaturas ISFDyT N\u00b0 28 2019<\/strong><\/a><\/p>\n<p>OBSERVACIONES:<\/p>\n<ul>\n<li>Per\u00edodo de difusi\u00f3n: del 05- 05 -2019 al 14 &#8211; 05-2019.-<\/li>\n<li>Presentaci\u00f3n de Proyectos e Inscripci\u00f3n del 15 al 17 \u2013 05 &#8211; 2019.-<\/li>\n<li>Lugar y horario de Inscripci\u00f3n: Sede de la Instituci\u00f3n Biblioteca de 18:00 a 22 hs. S\u00e1bado 9 a 12h.-<\/li>\n<li>La propuesta curricular debe presentarse en formato A4 &#8211; 2 copias en sobre manila cerrado y pegado en un solo \u00e1ngulo \u00faltimo folio del Anexo III cuya leyenda dice \u201cSe adjuntan \u2026\u2026\u2026\u2026.. folios \u2026\u201d<\/li>\n<li>Incorporar dentro del sobre copia de apartados II PROPUESTA CURRICULAR y III ENTREVISTA P\u00daBLICA.<\/li>\n<li>El Anexo III se presenta aparte (uno para todos los proyectos de cada postulante) en carpeta transparente incluyendo Fotocopia DNI con domicilio actualizado; si estuviere en el listado 108 A\/B de<\/li>\n<\/ul>\n<p><a href=\"https:\/\/isfdyt28-bue.infd.edu.ar\/sitio\/wp-content\/uploads\/2019\/06\/7\u00b0Convocatoria-2019.docx\"><strong>7\u00b0 Cobertura de Asignaturas ISFDyT N\u00b0 28 2019<\/strong><\/a><\/p>\n<p>OBSERVACIONES:<\/p>\n<ul>\n<li>Per\u00edodo de difusi\u00f3n: del 03- 06 -2019 al 12 \u2013 06 -2019.-<\/li>\n<li>Presentaci\u00f3n de Proyectos e Inscripci\u00f3n del 13 al 18 \u2013 06 &#8211; 2019.-<\/li>\n<li>Lugar y horario de Inscripci\u00f3n: Sede de la Instituci\u00f3n Biblioteca de 18:00 a 22 hs. S\u00e1bado 9 a 12h.-<\/li>\n<li>La propuesta curricular debe presentarse en formato A4 &#8211; 2 copias en sobre manila cerrado y pegado en un solo \u00e1ngulo \u00faltimo folio del Anexo III cuya leyenda dice \u201cSe adjuntan \u2026\u2026\u2026\u2026.. folios \u2026\u201d<\/li>\n<li>Incorporar dentro del sobre copia de apartados II PROPUESTA CURRICULAR y III ENTREVISTA P\u00daBLICA.<\/li>\n<li>El Anexo III se presenta aparte (uno para todos los proyectos de cada postulante) en carpeta transparente incluyendo Fotocopia DNI con domicilio actualizado; si estuviere en el listado 108 A\/B de nivel superior incorporar Oblea con puntaje correspondiente a la materia en la que se presenta. (Se imprime del portal ABC).-<\/li>\n<\/ul>\n<p>De las Comisiones evaluadoras ser\u00e1n notificados\u00a0 al momento de Inscribirse<\/p>\n<p><a href=\"https:\/\/isfdyt28-bue.infd.edu.ar\/sitio\/wp-content\/uploads\/2019\/06\/Convocatoria-Anexo-Riestra.pdf\"><strong>8\u00b0 Cobertura de Asignaturas ISFDyT N\u00b0 28 2019 (Anexo 328)<\/strong><\/a><\/p>\n<p>OBSERVACIONES:<br \/>\n&gt;&gt; La propuesta curricular debe presentarse en formato A4 &#8211; 2 copias en sobre manila cerrado y pegado en un solo \u00e1ngulo \u00faltimo folio del Anexo III cuya<br \/>\nleyenda dice \u201cSe adjuntan \u2026\u2026\u2026\u2026.. folios \u2026\u201d<br \/>\n&gt;&gt; Incorporar dentro del sobre copia de apartados II PROPUESTA CURRICULAR y III ENTREVISTA P\u00daBLICA.<br \/>\n&gt;&gt; El Anexo III se presenta aparte (uno para todos los proyectos de cada postulante) en carpeta transparente incluyendo Fotocopia DNI con domicilio<br \/>\nactualizado; si estuviere en el listado 108 A\/B de nivel superior incorporar Oblea con puntaje correspondiente a la materia en la que se presenta. (Se imprime<br \/>\ndel portal ABC<\/p>\n<p>CRONOGRAMA TENTATIVO PREVISTO<br \/>\nDIFUSI\u00d3N: 27- 06 -2019 al 11 \u2013 07 -2019<br \/>\nINSCRIPCI\u00d3N Y ENTREGA DEL PROYECTO: 12- 07 -2019 al 15 \u2013 07 -2019<\/p>\n<p><strong><a href=\"https:\/\/isfdyt28-bue.infd.edu.ar\/sitio\/wp-content\/uploads\/2019\/07\/9\u00b0Convocatoria-2019.docx\">9\u00b0 Cobertura de Asignaturas ISFDyT N\u00b0 28 2019<\/a> <\/strong><\/p>\n<p>OBSERVACIONES:<\/p>\n<ul>\n<li>Per\u00edodo de difusi\u00f3n: del 22 -07 -2019 al 04 -08 -2019<\/li>\n<li>Presentaci\u00f3n de Proyectos e Inscripci\u00f3n del 05 -08 -2019 al 07-03-2019.-<\/li>\n<li>Lugar y horario de Inscripci\u00f3n: Sede de la Instituci\u00f3n (Direcci\u00f3n de Unidad Acad\u00e9mica) de 18:00 a 22 hs.<\/li>\n<li>La propuesta curricular debe presentarse en formato A4 &#8211; 2 copias en sobre manila cerrado y pegado en un solo \u00e1ngulo \u00faltimo folio del Anexo III cuya leyenda dice \u201cSe adjuntan \u2026\u2026\u2026\u2026.. folios \u2026\u201d<\/li>\n<li>Incorporar dentro del sobre copia de apartados II PROPUESTA CURRICULAR y III ENTREVISTA P\u00daBLICA.<\/li>\n<li>El Anexo III se presenta aparte (uno para todos los proyectos de cada postulante) en carpeta transparente incluyendo Fotocopia DNI con domicilio actualizado; si estuviere en el listado 108 A\/B de nivel superior incorporar Oblea con puntaje correspondiente a la materia en la que se presenta. (Se imprime del portal ABC www.abc.gov.ar) -no es necesario incorporar t\u00edtulos y cursos valorables por el Art. 60 del Estatuto del Docente-; documentaci\u00f3n respaldatoria de todo lo declarado, indicando la cantidad de folios presentados.<\/li>\n<li>Para la presentaci\u00f3n del Proyecto considerar: Disp 30\/05, R\u00e9gimen Acad\u00e9mico Res 4043\/09<\/li>\n<li>Normativa en: http:\/\/isfdyt28.bue.infd.edu.ar\/sitio\/<\/li>\n<li>Las coberturas quedan sujetas a modificaciones debido a reasignaciones, licencias, etc.<\/li>\n<\/ul>\n<p>&nbsp;<\/p>\n<hr \/>\n<div><img decoding=\"async\" loading=\"lazy\" class=\"alignnone size-full wp-image-1626\" src=\"https:\/\/isfdyt28-bue.infd.edu.ar\/sitio\/wp-content\/uploads\/2020\/08\/50-a\u00f1os-inst.jpg\" alt=\"\" width=\"850\" height=\"513\" srcset=\"https:\/\/isfdyt28-bue.infd.edu.ar\/sitio\/wp-content\/uploads\/2020\/08\/50-a\u00f1os-inst.jpg 850w, https:\/\/isfdyt28-bue.infd.edu.ar\/sitio\/wp-content\/uploads\/2020\/08\/50-a\u00f1os-inst-768x464.jpg 768w\" sizes=\"(max-width: 850px) 100vw, 850px\" \/><img decoding=\"async\" loading=\"lazy\" src=\"https:\/\/isfdyt28-bue.infd.edu.ar\/sitio\/wp-content\/uploads\/2018\/08\/PB051966.jpg\" width=\"431\" height=\"325\" border=\"0\" \/><img decoding=\"async\" loading=\"lazy\" src=\"https:\/\/isfdyt28-bue.infd.edu.ar\/sitio\/wp-content\/uploads\/2018\/08\/PB051973.jpg\" width=\"432\" height=\"323\" border=\"0\" \/><img decoding=\"async\" loading=\"lazy\" src=\"https:\/\/isfdyt28-bue.infd.edu.ar\/sitio\/wp-content\/uploads\/2018\/08\/PB051964.jpg\" width=\"429\" height=\"321\" border=\"0\" \/><\/div>\n","protected":false},"excerpt":{"rendered":"<p>Cobertura de Asignaturas I.S.F.D. y T. N\u00b0 28 &#8211; 2020 16\u00b0 Cobertura de Asignaturas ISFDyT N\u00ba 28 y Anexo328\u00a0\u00a0 2020 15\u00b0 Cobertura de Asignaturas ISFDyT N\u00ba 28 y Anexo328\u00a0\u00a0 2020 14\u00b0 Cobertura de Asignaturas\u00a0 ISFDyT N\u00b0 28 2020 \u00a0\u00a0\u00a0 3er a\u00f1o Psicopedagog\u00eda \u00a0\u00a0\u00a0 3er\u00a0 a\u00f1o Tec. Sup en Comunicaci\u00f3n Multimedial \u00a0\u00a0\u00a0 3ero a\u00f1o Prof. de &#8230; <a title=\"Noticias del Instituto\" class=\"read-more\" href=\"https:\/\/isfdyt28-bue.infd.edu.ar\/sitio\/noticias-del-instituto\/\" aria-label=\"More on Noticias del Instituto\">[+]<\/a><\/p>\n","protected":false},"author":735,"featured_media":0,"parent":0,"menu_order":0,"comment_status":"closed","ping_status":"closed","template":"","meta":[],"acf":[],"_links":{"self":[{"href":"https:\/\/isfdyt28-bue.infd.edu.ar\/sitio\/wp-json\/wp\/v2\/pages\/1118"}],"collection":[{"href":"https:\/\/isfdyt28-bue.infd.edu.ar\/sitio\/wp-json\/wp\/v2\/pages"}],"about":[{"href":"https:\/\/isfdyt28-bue.infd.edu.ar\/sitio\/wp-json\/wp\/v2\/types\/page"}],"author":[{"embeddable":true,"href":"https:\/\/isfdyt28-bue.infd.edu.ar\/sitio\/wp-json\/wp\/v2\/users\/735"}],"replies":[{"embeddable":true,"href":"https:\/\/isfdyt28-bue.infd.edu.ar\/sitio\/wp-json\/wp\/v2\/comments?post=1118"}],"version-history":[{"count":60,"href":"https:\/\/isfdyt28-bue.infd.edu.ar\/sitio\/wp-json\/wp\/v2\/pages\/1118\/revisions"}],"predecessor-version":[{"id":1629,"href":"https:\/\/isfdyt28-bue.infd.edu.ar\/sitio\/wp-json\/wp\/v2\/pages\/1118\/revisions\/1629"}],"wp:attachment":[{"href":"https:\/\/isfdyt28-bue.infd.edu.ar\/sitio\/wp-json\/wp\/v2\/media?parent=1118"}],"curies":[{"name":"wp","href":"https:\/\/api.w.org\/{rel}","templated":true}]}}