{"id":1115,"date":"2018-08-29T16:18:24","date_gmt":"2018-08-29T19:18:24","guid":{"rendered":"https:\/\/isfdyt28-bue.infd.edu.ar\/sitio\/carreras-tecnicas\/"},"modified":"2026-02-11T18:49:28","modified_gmt":"2026-02-11T21:49:28","slug":"carreras-tecnicas","status":"publish","type":"page","link":"https:\/\/isfdyt28-bue.infd.edu.ar\/sitio\/carreras-tecnicas\/","title":{"rendered":"Carreras T\u00e9cnicas"},"content":{"rendered":"<p><span style=\"font-family: verdana,geneva; font-size: x-small;\"><span style=\"text-decoration: underline;\"><strong>Planes de estudios:<\/strong><\/span><br \/>\n<\/span><\/p>\n<p><a title=\"TECNICATURA SUPERIOR EN TURISMO Res 280\/03\" href=\"upload\/Turismo_Res_280-03.pdf\" target=\"_blank\" rel=\"noopener\"><span style=\"font-family: verdana,geneva; font-size: x-small;\">TECNICATURA SUPERIOR EN TURISMO Res 280\/03<\/span><\/a><\/p>\n<p><a title=\"index.cgi?wid_seccion=12&amp;wid_item=33\" href=\"index.cgi?wid_seccion=12&amp;wid_item=33\"><span style=\"font-size: x-small;\">T\u00e9cnico Superior <\/span><span style=\"font-size: x-small;\">en Trabajo Social RES 16666\/06<\/span><\/a><\/p>\n<p><a href=\"index.cgi?wid_seccion=12&amp;wid_item=30\"><span style=\"font-size: x-small;\">T\u00e9cnico Superior en<\/span><span style=\"font-size: x-small;\"> Comunicacion Social<\/span><\/a><\/p>\n<p><a title=\"TEC. SUP. EN ADMIN. GENERAL _R.261-03\" href=\"upload\/TEC._SUP._EN_ADMIN._GENERAL__R.26103.pdf\" target=\"_blank\" rel=\"noopener\"><span style=\"font-size: x-small;\">T\u00e9cnico Superior en Administraci\u00f3n General RES 261\/03<\/span><\/a><a href=\"index.cgi?wid_seccion=12&amp;wid_item=24\"><span style=\"font-size: x-small;\"><br \/>\n<\/span><\/a><\/p>\n<p><a href=\"index.cgi?wid_seccion=12&amp;wid_item=24\"><span style=\"font-size: x-small;\">Tecnico Superior en Administracion de PyMES<\/span><\/a><\/p>\n<p><span style=\"font-size: x-small;\"><a title=\"TEC. SUP. EN PSICOPEDAGOGIA #AP#3839-98#CP#.doc\" href=\"upload\/TEC._SUP._EN__PSICOPEDAGOGIA_383998.doc\" target=\"_blank\" rel=\"noopener\">T\u00e9cnico Superior en Psicopedagog\u00eda Res 3839\/98<\/a><\/span><\/p>\n<p><span style=\"font-size: x-small;\"><a title=\"TEC. SUP. EN COMUNICACION MULTIMEDIAL _R.6179-03\" href=\"upload\/TEC._SUP._EN_COMUNICACION_MULTIMEDIAL__R.617903_.pdf\" target=\"_blank\" rel=\"noopener\">T\u00e9cnico Superior e\u00a0Comunicacion Multimedial\u00a0\u00a0R.6179-03<\/a><\/span><\/p>\n<p><span style=\"font-size: x-small;\"><a title=\"TEC. SUP. EN ADMIN. CONTABLE R.273-03\" href=\"upload\/TEC._SUP._EN_ADMIN._CONTABLE__R.27303.pdf\" target=\"_blank\" rel=\"noopener\">T\u00e9cnico Superior en Administraci\u00f3n Contable<\/a><\/span><\/p>\n<p><span style=\"font-size: x-small;\"><a title=\"Seguridad, Higiene y Control Ambiental Industrial\" href=\"upload\/TEC._SUP._EN_SEG._HIGIENE_Y_CONTROL__AMB._INDUSTRIAL_R.93195.doc\" target=\"_blank\" rel=\"noopener\">TEC._SUP._EN_SEG._HIGIENE_Y_CONTROL__AMB._INDUSTRIAL_(R.931-95) (La carga puede ser lenta)<\/a><\/span><\/p>\n<p><span style=\"font-size: x-small;\"><a title=\"TEC._SUP.__EN_ADMIN._AGROPECUARIA_#AP#R.5833-03#CP#\" href=\"upload\/TEC._SUP.__EN_ADMIN._AGROPECUARIA_#AP#R.5833-03#CP#%5B1%5D%20#AP#1#CP#.doc\" target=\"_blank\" rel=\"noopener\">TEC._SUP.__EN_ADMIN._AGROPECUARIA_(R.5833-03)<\/a><\/span><\/p>\n<p><a title=\"Psicopedagogo 2460\/11\" href=\"upload\/2460-11-psicopedagogia-escaneada.pdf\" target=\"_blank\" rel=\"noopener\"><span style=\"font-size: x-small;\">Psicopedagogia Res 2460\/11<\/span><\/a><\/p>\n<p><span style=\"font-size: x-small;\"><a title=\"Res._3753-11_Nuevo_Plan_de_Tecnicatura_Servicios_Gastronomicos\" href=\"upload\/Res._3753-11_Nuevo_Plan_de_Tecnicatura_Servicios_Gastronomicos%5B1%5D%20#AP#1#CP#.doc\" target=\"_blank\" rel=\"noopener\">Res._3753-11_Nuevo_Plan_de_Tecnicatura_Servicios_Gastronomicos<\/a><\/span><\/p>\n<p><span style=\"font-size: x-small;\"><a title=\"Industrias Agroalimentarias Res.3373-06\" href=\"upload\/Industrias%20Agroalimentarias%20Res.3373-06.pdf\" target=\"_blank\" rel=\"noopener\">Industrias Agroalimentarias Res.3373-06<\/a><\/span><\/p>\n<p><a title=\"Tecnico Superior en Higiene y Seguridad en el Trabajo RES 320 \/13\" href=\"upload\/TECSI_320-13.pdf\" target=\"_blank\" rel=\"noopener\"><span style=\"font-size: x-small;\">T\u00e9cnico Superior en Higiene y Seguridad en el Trabajo RES 320\/13<\/span><\/a><\/p>\n<p><span style=\"font-size: x-small;\">\u00a0<a title=\"Acompa\u00f1amiento Terapeutico res 1221-15\" href=\"upload\/ACOMPAN_AMIENTO_TERAPEUTICO_Res._1221-15.pdf\" target=\"_blank\" rel=\"noopener\">Acompa\u00f1amiento Terap\u00e9utico RES 1221\/15<\/a><br \/>\n<\/span><\/p>\n<h6><span class=\"Hipervinculo\" style=\"font-size: 8pt;\"><a title=\"Tecnicatura Superior en Enfermer\u00eda Res. 854\/16 \" href=\"upload\/Tecnicatura-Enfermeria-curricula-FINAL.pdf\" target=\"_blank\" rel=\"noopener\"><span style=\"font-family: andale mono,monospace;\">Tecnicatura Superior en Enfermer\u00eda Res. 854\/16<\/span><\/a> <\/span><\/h6>\n<h6><span class=\"Hipervinculo\" style=\"font-size: 8pt;\"><br \/>\n<a href=\"https:\/\/drive.google.com\/open?id=1GlWtNqM3Qe_8jMAiR-o69VIRh89huAq1\"><span style=\"font-family: andale mono,monospace;\">Tecnicatura Superior en Econom\u00eda Social para el Desarrollo Local Res. 3092\/15<\/span><\/a><\/span><\/h6>\n<p><a href=\"https:\/\/drive.google.com\/open?id=1Vew8IdEV709UxL_uF5dK6i9cOwVLuhI5\">Tecnicatura Superior en Dise\u00f1o y Producci\u00f3n de Indumentaria Res. 129\/12<\/a><\/p>\n<p><a href=\"https:\/\/isfdyt28-bue.infd.edu.ar\/sitio\/wp-content\/uploads\/2020\/12\/DesarrolloSoftware-5847-191.pdf\">Tecnicatura Superior en Desarrollador de Software Res. 5847\/19<\/a><\/p>\n<p><a href=\"https:\/\/isfdyt28-bue.infd.edu.ar\/sitio\/tecnicatura-en-emergencias-de-salud\/\">Tecnicatura Superior en Emergencias de Salud \u2013 Res 42\/17<\/a><\/p>\n<p><a href=\"https:\/\/isfdyt28-bue.infd.edu.ar\/sitio\/wp-content\/uploads\/2024\/02\/res-485-23-pymes.pdf\">TECNICATURA SUPERIOR EN ADMINISTRACI\u00d3N DE PYMES &#8211; Res 485\/23<\/a><\/p>\n<p><a href=\"https:\/\/isfdyt28-bue.infd.edu.ar\/sitio\/wp-content\/uploads\/2026\/02\/RSC-2025-6183-Higiene-Segur-y-Ambiente-Laboral-2-archivos-fusionados.pdf\">Tecnicatura Superior en Higiene Seguridad\u00a0 y Ambiente Laboral Res-2025-6183<\/a><\/p>\n","protected":false},"excerpt":{"rendered":"<p>Planes de estudios: TECNICATURA SUPERIOR EN TURISMO Res 280\/03 T\u00e9cnico Superior en Trabajo Social RES 16666\/06 T\u00e9cnico Superior en Comunicacion Social T\u00e9cnico Superior en Administraci\u00f3n General RES 261\/03 Tecnico Superior en Administracion de PyMES T\u00e9cnico Superior en Psicopedagog\u00eda Res 3839\/98 T\u00e9cnico Superior e\u00a0Comunicacion Multimedial\u00a0\u00a0R.6179-03 T\u00e9cnico Superior en Administraci\u00f3n Contable TEC._SUP._EN_SEG._HIGIENE_Y_CONTROL__AMB._INDUSTRIAL_(R.931-95) (La carga puede ser lenta) &#8230; <a title=\"Carreras T\u00e9cnicas\" class=\"read-more\" href=\"https:\/\/isfdyt28-bue.infd.edu.ar\/sitio\/carreras-tecnicas\/\" aria-label=\"More on Carreras T\u00e9cnicas\">[+]<\/a><\/p>\n","protected":false},"author":735,"featured_media":0,"parent":0,"menu_order":0,"comment_status":"closed","ping_status":"closed","template":"","meta":[],"acf":[],"_links":{"self":[{"href":"https:\/\/isfdyt28-bue.infd.edu.ar\/sitio\/wp-json\/wp\/v2\/pages\/1115"}],"collection":[{"href":"https:\/\/isfdyt28-bue.infd.edu.ar\/sitio\/wp-json\/wp\/v2\/pages"}],"about":[{"href":"https:\/\/isfdyt28-bue.infd.edu.ar\/sitio\/wp-json\/wp\/v2\/types\/page"}],"author":[{"embeddable":true,"href":"https:\/\/isfdyt28-bue.infd.edu.ar\/sitio\/wp-json\/wp\/v2\/users\/735"}],"replies":[{"embeddable":true,"href":"https:\/\/isfdyt28-bue.infd.edu.ar\/sitio\/wp-json\/wp\/v2\/comments?post=1115"}],"version-history":[{"count":12,"href":"https:\/\/isfdyt28-bue.infd.edu.ar\/sitio\/wp-json\/wp\/v2\/pages\/1115\/revisions"}],"predecessor-version":[{"id":2573,"href":"https:\/\/isfdyt28-bue.infd.edu.ar\/sitio\/wp-json\/wp\/v2\/pages\/1115\/revisions\/2573"}],"wp:attachment":[{"href":"https:\/\/isfdyt28-bue.infd.edu.ar\/sitio\/wp-json\/wp\/v2\/media?parent=1115"}],"curies":[{"name":"wp","href":"https:\/\/api.w.org\/{rel}","templated":true}]}}